{"id":570,"date":"2023-12-13T10:54:45","date_gmt":"2023-12-13T09:54:45","guid":{"rendered":"https:\/\/www.kilian.legal\/judr-michal-kilian-ll-m\/"},"modified":"2024-12-04T15:46:36","modified_gmt":"2024-12-04T14:46:36","slug":"judr-michal-kilian-ll-m","status":"publish","type":"page","link":"https:\/\/www.kilian.legal\/en\/judr-michal-kilian-ll-m\/","title":{"rendered":"JUDr. Michal Kilian, LL.M."},"content":{"rendered":"<div id=\"pl-gb570-69fb99c3b3d97\"  class=\"panel-layout\" ><div id=\"pg-gb570-69fb99c3b3d97-0\"  class=\"panel-grid panel-no-style\" ><div id=\"pgc-gb570-69fb99c3b3d97-0-0\"  class=\"panel-grid-cell\" ><div id=\"panel-gb570-69fb99c3b3d97-0-0-0\" class=\"so-panel widget widget_sow-editor panel-first-child panel-last-child\" data-index=\"0\" ><div\n\t\t\t\n\t\t\tclass=\"so-widget-sow-editor so-widget-sow-editor-base\"\n\t\t\t\n\t\t>\n<div class=\"siteorigin-widget-tinymce textwidget\">\n\t<h5>With over 15 years of legal practice, Michal has gained invaluable experience through engagements with top-tier Slovak law firms.<\/h5>\n<\/div>\n<\/div><\/div><\/div><div id=\"pgc-gb570-69fb99c3b3d97-0-1\"  class=\"panel-grid-cell\" ><div id=\"panel-gb570-69fb99c3b3d97-0-1-0\" class=\"so-panel widget widget_sow-editor panel-first-child panel-last-child\" data-index=\"1\" ><div\n\t\t\t\n\t\t\tclass=\"so-widget-sow-editor so-widget-sow-editor-base\"\n\t\t\t\n\t\t>\n<div class=\"siteorigin-widget-tinymce textwidget\">\n\t<p>Commencing his professional journey, Michal served as a lawyer at the Advocacy and Legal Advice Centre under Transparency International Slovakia. <\/p>\n<p>Subsequently, from 2011 to 2015, Michal developed his professional skills as a legal trainee at the law office Hillbridges, s.r.o., where he worked on a variety of major commercial and M&amp;A transactions in the Slovak market.<\/p>\n<\/div>\n<\/div><\/div><\/div><\/div><div id=\"pg-gb570-69fb99c3b3d97-1\"  class=\"panel-grid panel-no-style\" ><div id=\"pgc-gb570-69fb99c3b3d97-1-0\"  class=\"panel-grid-cell\" ><div id=\"panel-gb570-69fb99c3b3d97-1-0-0\" class=\"so-panel widget widget_sow-editor panel-first-child panel-last-child\" data-index=\"2\" ><div class=\"panel-widget-style panel-widget-style-for-gb570-69fb99c3b3d97-1-0-0\" ><div\n\t\t\t\n\t\t\tclass=\"so-widget-sow-editor so-widget-sow-editor-base\"\n\t\t\t\n\t\t>\n<div class=\"siteorigin-widget-tinymce textwidget\">\n\t<hr>\n<\/div>\n<\/div><\/div><\/div><\/div><\/div><div id=\"pg-gb570-69fb99c3b3d97-2\"  class=\"panel-grid panel-no-style\" ><div id=\"pgc-gb570-69fb99c3b3d97-2-0\"  class=\"panel-grid-cell\" ><div id=\"panel-gb570-69fb99c3b3d97-2-0-0\" class=\"so-panel widget widget_sow-editor panel-first-child panel-last-child\" data-index=\"3\" ><div\n\t\t\t\n\t\t\tclass=\"so-widget-sow-editor so-widget-sow-editor-base\"\n\t\t\t\n\t\t>\n<div class=\"siteorigin-widget-tinymce textwidget\">\n\t<p>After successfully passing the bar exam in 2015 at Slovak Bar Association, Michal worked as an attorney (Senior Associate) at the law office Barto\u0161\u00edk \u0160v\u00e1by s.r.o.<\/p>\n<h3>Throughout his professional journey, Michal has developed expertise in a variety of compelling projects, with a primary focus on M&amp;A, venture capital advisory, real estate law (especially commercial leases) and commercial\/corporate agenda.<\/h3>\n<\/div>\n<\/div><\/div><\/div><\/div><div id=\"pg-gb570-69fb99c3b3d97-3\"  class=\"panel-grid panel-no-style\" ><div id=\"pgc-gb570-69fb99c3b3d97-3-0\"  class=\"panel-grid-cell\" ><div id=\"panel-gb570-69fb99c3b3d97-3-0-0\" class=\"so-panel widget widget_sow-image panel-first-child panel-last-child\" data-index=\"4\" ><div\n\t\t\t\n\t\t\tclass=\"so-widget-sow-image so-widget-sow-image-default-8b5b6f678277-570\"\n\t\t\t\n\t\t>\n\n<div class=\"sow-image-container\">\n\t\t<img decoding=\"async\" src=\"https:\/\/www.kilian.legal\/wp-content\/uploads\/2024\/02\/Foto-1.jpg\" width=\"4516\" height=\"6000\" srcset=\"https:\/\/www.kilian.legal\/wp-content\/uploads\/2024\/02\/Foto-1.jpg 4516w, https:\/\/www.kilian.legal\/wp-content\/uploads\/2024\/02\/Foto-1-226x300.jpg 226w, https:\/\/www.kilian.legal\/wp-content\/uploads\/2024\/02\/Foto-1-771x1024.jpg 771w, https:\/\/www.kilian.legal\/wp-content\/uploads\/2024\/02\/Foto-1-768x1020.jpg 768w, https:\/\/www.kilian.legal\/wp-content\/uploads\/2024\/02\/Foto-1-1156x1536.jpg 1156w, https:\/\/www.kilian.legal\/wp-content\/uploads\/2024\/02\/Foto-1-1541x2048.jpg 1541w, https:\/\/www.kilian.legal\/wp-content\/uploads\/2024\/02\/Foto-1-480x638.jpg 480w, https:\/\/www.kilian.legal\/wp-content\/uploads\/2024\/02\/Foto-1-992x1318.jpg 992w, https:\/\/www.kilian.legal\/wp-content\/uploads\/2024\/02\/Foto-1-1200x1594.jpg 1200w\" sizes=\"auto, (max-width: 4516px) 100vw, 4516px\" title=\"Foto 1\" alt=\"\" loading=\"lazy\" \t\tclass=\"so-widget-image\"\/>\n\t<\/div>\n\n<\/div><\/div><\/div><div id=\"pgc-gb570-69fb99c3b3d97-3-1\"  class=\"panel-grid-cell\" ><div id=\"panel-gb570-69fb99c3b3d97-3-1-0\" class=\"so-panel widget widget_sow-editor panel-first-child\" data-index=\"5\" ><div\n\t\t\t\n\t\t\tclass=\"so-widget-sow-editor so-widget-sow-editor-base\"\n\t\t\t\n\t\t>\n<div class=\"siteorigin-widget-tinymce textwidget\">\n\t<p>In addition to completing master and postgraduate law programs in Slovakia (2010 Mgr., 2014 JUDr.), Michal holds an LL.M. degree (with distinction \u2013 cum laude) from Vrije Universiteit Amsterdam, a top-ranked European university, where he studied International Business Law (International Commercial and Trade Law programme) under the Vrije Universiteit Fellowship.<\/p>\n<\/div>\n<\/div><\/div><div id=\"panel-gb570-69fb99c3b3d97-3-1-1\" class=\"so-panel widget widget_sow-editor panel-last-child\" data-index=\"6\" ><div\n\t\t\t\n\t\t\tclass=\"so-widget-sow-editor so-widget-sow-editor-base\"\n\t\t\t\n\t\t>\n<div class=\"siteorigin-widget-tinymce textwidget\">\n\t<p>During his practice, Michal has provided advice to clients on various debt, equity and quasi-equity transactions and investments (such as investment agreements, loan agreements, share purchase agreements, convertible loan agreements, etc.). The activities of the firm included also legal advisory in secondary transfers (exits) within target companies and the structuring of related guarantees \/ security for investors (including pledge agreements, guarantees, put \/ call option agreements, etc.), as well as ensuring the implementation of so-called ESOP structures and handling a diverse corporate agenda.<\/p>\n<\/div>\n<\/div><\/div><\/div><\/div><div id=\"pg-gb570-69fb99c3b3d97-4\"  class=\"panel-grid panel-has-style\" ><div class=\"panel-row-style panel-row-style-for-gb570-69fb99c3b3d97-4\" ><div id=\"pgc-gb570-69fb99c3b3d97-4-0\"  class=\"panel-grid-cell panel-grid-cell-empty\" ><\/div><\/div><\/div><div id=\"pg-gb570-69fb99c3b3d97-5\"  class=\"panel-grid panel-no-style\" ><div id=\"pgc-gb570-69fb99c3b3d97-5-0\"  class=\"panel-grid-cell\" ><div id=\"panel-gb570-69fb99c3b3d97-5-0-0\" class=\"so-panel widget widget_sow-editor panel-first-child panel-last-child\" data-index=\"7\" ><div\n\t\t\t\n\t\t\tclass=\"so-widget-sow-editor so-widget-sow-editor-base\"\n\t\t\t\n\t\t>\n<div class=\"siteorigin-widget-tinymce textwidget\">\n\t<h3>Michal and his team, specializing primarily in Venture Capital, M&#038;A and investment legal advisory, aim to provide clients with qualified legal services and assist them in the management of their projects and investments.<\/h3>\n<\/div>\n<\/div><\/div><\/div><\/div><div id=\"pg-gb570-69fb99c3b3d97-6\"  class=\"panel-grid panel-no-style\" ><div id=\"pgc-gb570-69fb99c3b3d97-6-0\"  class=\"panel-grid-cell panel-grid-cell-mobile-last\" ><div id=\"panel-gb570-69fb99c3b3d97-6-0-0\" class=\"so-panel widget widget_siteorigin-panels-builder panel-first-child panel-last-child\" data-index=\"8\" ><div class=\"panel-widget-style panel-widget-style-for-gb570-69fb99c3b3d97-6-0-0\" ><div id=\"pl-w65c0aa873df0b\"  class=\"panel-layout\" ><div id=\"pg-w65c0aa873df0b-0\"  class=\"panel-grid panel-no-style\" ><div id=\"pgc-w65c0aa873df0b-0-0\"  class=\"panel-grid-cell\" ><div id=\"panel-w65c0aa873df0b-0-0-0\" class=\"so-panel widget widget_sow-image panel-first-child panel-last-child\" data-index=\"0\" ><div class=\"photo panel-widget-style panel-widget-style-for-w65c0aa873df0b-0-0-0\" ><div\n\t\t\t\n\t\t\tclass=\"so-widget-sow-image so-widget-sow-image-default-8b5b6f678277\"\n\t\t\t\n\t\t>\n\n<div class=\"sow-image-container\">\n\t\t<img decoding=\"async\" src=\"https:\/\/www.kilian.legal\/wp-content\/uploads\/2024\/02\/image.jpeg\" width=\"1249\" height=\"1249\" srcset=\"https:\/\/www.kilian.legal\/wp-content\/uploads\/2024\/02\/image.jpeg 1249w, https:\/\/www.kilian.legal\/wp-content\/uploads\/2024\/02\/image-300x300.jpeg 300w, https:\/\/www.kilian.legal\/wp-content\/uploads\/2024\/02\/image-1024x1024.jpeg 1024w, https:\/\/www.kilian.legal\/wp-content\/uploads\/2024\/02\/image-150x150.jpeg 150w, https:\/\/www.kilian.legal\/wp-content\/uploads\/2024\/02\/image-768x768.jpeg 768w, https:\/\/www.kilian.legal\/wp-content\/uploads\/2024\/02\/image-480x480.jpeg 480w, https:\/\/www.kilian.legal\/wp-content\/uploads\/2024\/02\/image-992x992.jpeg 992w, https:\/\/www.kilian.legal\/wp-content\/uploads\/2024\/02\/image-1200x1200.jpeg 1200w\" sizes=\"auto, (max-width: 1249px) 100vw, 1249px\" alt=\"\" loading=\"lazy\" \t\tclass=\"so-widget-image\"\/>\n\t<\/div>\n\n<\/div><\/div><\/div><\/div><div id=\"pgc-w65c0aa873df0b-0-1\"  class=\"panel-grid-cell\" ><div id=\"panel-w65c0aa873df0b-0-1-0\" class=\"so-panel widget widget_sow-editor panel-first-child panel-last-child\" data-index=\"1\" ><div\n\t\t\t\n\t\t\tclass=\"so-widget-sow-editor so-widget-sow-editor-base\"\n\t\t\t\n\t\t>\n<div class=\"siteorigin-widget-tinymce textwidget\">\n\t<p>JUDr. Michal Kilian, LL.M.<br \/>\nPartner KILIAN LEGAL s. r. o.<\/p>\n<p><a href=\"https:\/\/www.kilian.legal\/wp-content\/uploads\/2023\/12\/signature.svg\"><img decoding=\"async\" class=\"alignnone wp-image-138\" src=\"https:\/\/www.kilian.legal\/wp-content\/uploads\/2023\/12\/signature.svg\" alt=\"\" width=\"120\" \/><\/a><\/p>\n<\/div>\n<\/div><\/div><\/div><\/div><\/div><\/div><\/div><\/div><div id=\"pgc-gb570-69fb99c3b3d97-6-1\"  class=\"panel-grid-cell panel-grid-cell-empty\" ><\/div><\/div><\/div>","protected":false},"excerpt":{"rendered":"<p>With over 15 years of legal practice, Michal has gained invaluable experience through engagements with top-tier Slovak law firms. Commencing his professional journey, Michal served as a lawyer at the Advocacy and Legal Advice Centre under Transparency International Slovakia. Subsequently, from 2011 to 2015, Michal developed his professional skills as a legal trainee at the [&hellip;]<\/p>\n","protected":false},"author":3,"featured_media":481,"parent":0,"menu_order":0,"comment_status":"closed","ping_status":"closed","template":"","meta":{"_acf_changed":false,"footnotes":""},"class_list":["post-570","page","type-page","status-publish","has-post-thumbnail","hentry"],"acf":[],"yoast_head":"<!-- This site is optimized with the Yoast SEO plugin v22.0 - https:\/\/yoast.com\/wordpress\/plugins\/seo\/ -->\n<title>JUDr. Michal Kilian, LL.M. - Kilian Legal<\/title>\n<meta name=\"robots\" content=\"index, follow, max-snippet:-1, max-image-preview:large, max-video-preview:-1\" \/>\n<link rel=\"canonical\" href=\"https:\/\/www.kilian.legal\/en\/judr-michal-kilian-ll-m\/\" \/>\n<meta property=\"og:locale\" content=\"en_US\" \/>\n<meta property=\"og:type\" content=\"article\" \/>\n<meta property=\"og:title\" content=\"JUDr. Michal Kilian, LL.M. - Kilian Legal\" \/>\n<meta property=\"og:description\" content=\"With over 15 years of legal practice, Michal has gained invaluable experience through engagements with top-tier Slovak law firms. Commencing his professional journey, Michal served as a lawyer at the Advocacy and Legal Advice Centre under Transparency International Slovakia. Subsequently, from 2011 to 2015, Michal developed his professional skills as a legal trainee at the [&hellip;]\" \/>\n<meta property=\"og:url\" content=\"https:\/\/www.kilian.legal\/en\/judr-michal-kilian-ll-m\/\" \/>\n<meta property=\"og:site_name\" content=\"Kilian Legal\" \/>\n<meta property=\"article:modified_time\" content=\"2024-12-04T14:46:36+00:00\" \/>\n<meta property=\"og:image\" content=\"https:\/\/www.kilian.legal\/wp-content\/uploads\/2023\/12\/pexels-francesco-campanella-11318643.jpg\" \/>\n\t<meta property=\"og:image:width\" content=\"2500\" \/>\n\t<meta property=\"og:image:height\" content=\"1875\" \/>\n\t<meta property=\"og:image:type\" content=\"image\/jpeg\" \/>\n<meta name=\"twitter:card\" content=\"summary_large_image\" \/>\n<meta name=\"twitter:label1\" content=\"Est. reading time\" \/>\n\t<meta name=\"twitter:data1\" content=\"3 minutes\" \/>\n<script type=\"application\/ld+json\" class=\"yoast-schema-graph\">{\"@context\":\"https:\/\/schema.org\",\"@graph\":[{\"@type\":\"WebPage\",\"@id\":\"https:\/\/www.kilian.legal\/en\/judr-michal-kilian-ll-m\/\",\"url\":\"https:\/\/www.kilian.legal\/en\/judr-michal-kilian-ll-m\/\",\"name\":\"JUDr. Michal Kilian, LL.M. - Kilian Legal\",\"isPartOf\":{\"@id\":\"https:\/\/www.kilian.legal\/en\/#website\"},\"datePublished\":\"2023-12-13T09:54:45+00:00\",\"dateModified\":\"2024-12-04T14:46:36+00:00\",\"breadcrumb\":{\"@id\":\"https:\/\/www.kilian.legal\/en\/judr-michal-kilian-ll-m\/#breadcrumb\"},\"inLanguage\":\"en-US\",\"potentialAction\":[{\"@type\":\"ReadAction\",\"target\":[\"https:\/\/www.kilian.legal\/en\/judr-michal-kilian-ll-m\/\"]}]},{\"@type\":\"BreadcrumbList\",\"@id\":\"https:\/\/www.kilian.legal\/en\/judr-michal-kilian-ll-m\/#breadcrumb\",\"itemListElement\":[{\"@type\":\"ListItem\",\"position\":1,\"name\":\"Domovsk\u00e1 str\u00e1nka\",\"item\":\"https:\/\/www.kilian.legal\/en\/\"},{\"@type\":\"ListItem\",\"position\":2,\"name\":\"JUDr. Michal Kilian, LL.M.\"}]},{\"@type\":\"WebSite\",\"@id\":\"https:\/\/www.kilian.legal\/en\/#website\",\"url\":\"https:\/\/www.kilian.legal\/en\/\",\"name\":\"Kilian Legal\",\"description\":\"\",\"potentialAction\":[{\"@type\":\"SearchAction\",\"target\":{\"@type\":\"EntryPoint\",\"urlTemplate\":\"https:\/\/www.kilian.legal\/en\/?s={search_term_string}\"},\"query-input\":\"required name=search_term_string\"}],\"inLanguage\":\"en-US\"}]}<\/script>\n<!-- \/ Yoast SEO plugin. -->","yoast_head_json":{"title":"JUDr. Michal Kilian, LL.M. - Kilian Legal","robots":{"index":"index","follow":"follow","max-snippet":"max-snippet:-1","max-image-preview":"max-image-preview:large","max-video-preview":"max-video-preview:-1"},"canonical":"https:\/\/www.kilian.legal\/en\/judr-michal-kilian-ll-m\/","og_locale":"en_US","og_type":"article","og_title":"JUDr. Michal Kilian, LL.M. - Kilian Legal","og_description":"With over 15 years of legal practice, Michal has gained invaluable experience through engagements with top-tier Slovak law firms. Commencing his professional journey, Michal served as a lawyer at the Advocacy and Legal Advice Centre under Transparency International Slovakia. Subsequently, from 2011 to 2015, Michal developed his professional skills as a legal trainee at the [&hellip;]","og_url":"https:\/\/www.kilian.legal\/en\/judr-michal-kilian-ll-m\/","og_site_name":"Kilian Legal","article_modified_time":"2024-12-04T14:46:36+00:00","og_image":[{"width":2500,"height":1875,"url":"https:\/\/www.kilian.legal\/wp-content\/uploads\/2023\/12\/pexels-francesco-campanella-11318643.jpg","type":"image\/jpeg"}],"twitter_card":"summary_large_image","twitter_misc":{"Est. reading time":"3 minutes"},"schema":{"@context":"https:\/\/schema.org","@graph":[{"@type":"WebPage","@id":"https:\/\/www.kilian.legal\/en\/judr-michal-kilian-ll-m\/","url":"https:\/\/www.kilian.legal\/en\/judr-michal-kilian-ll-m\/","name":"JUDr. Michal Kilian, LL.M. - Kilian Legal","isPartOf":{"@id":"https:\/\/www.kilian.legal\/en\/#website"},"datePublished":"2023-12-13T09:54:45+00:00","dateModified":"2024-12-04T14:46:36+00:00","breadcrumb":{"@id":"https:\/\/www.kilian.legal\/en\/judr-michal-kilian-ll-m\/#breadcrumb"},"inLanguage":"en-US","potentialAction":[{"@type":"ReadAction","target":["https:\/\/www.kilian.legal\/en\/judr-michal-kilian-ll-m\/"]}]},{"@type":"BreadcrumbList","@id":"https:\/\/www.kilian.legal\/en\/judr-michal-kilian-ll-m\/#breadcrumb","itemListElement":[{"@type":"ListItem","position":1,"name":"Domovsk\u00e1 str\u00e1nka","item":"https:\/\/www.kilian.legal\/en\/"},{"@type":"ListItem","position":2,"name":"JUDr. Michal Kilian, LL.M."}]},{"@type":"WebSite","@id":"https:\/\/www.kilian.legal\/en\/#website","url":"https:\/\/www.kilian.legal\/en\/","name":"Kilian Legal","description":"","potentialAction":[{"@type":"SearchAction","target":{"@type":"EntryPoint","urlTemplate":"https:\/\/www.kilian.legal\/en\/?s={search_term_string}"},"query-input":"required name=search_term_string"}],"inLanguage":"en-US"}]}},"_links":{"self":[{"href":"https:\/\/www.kilian.legal\/en\/wp-json\/wp\/v2\/pages\/570","targetHints":{"allow":["GET"]}}],"collection":[{"href":"https:\/\/www.kilian.legal\/en\/wp-json\/wp\/v2\/pages"}],"about":[{"href":"https:\/\/www.kilian.legal\/en\/wp-json\/wp\/v2\/types\/page"}],"author":[{"embeddable":true,"href":"https:\/\/www.kilian.legal\/en\/wp-json\/wp\/v2\/users\/3"}],"replies":[{"embeddable":true,"href":"https:\/\/www.kilian.legal\/en\/wp-json\/wp\/v2\/comments?post=570"}],"version-history":[{"count":10,"href":"https:\/\/www.kilian.legal\/en\/wp-json\/wp\/v2\/pages\/570\/revisions"}],"predecessor-version":[{"id":825,"href":"https:\/\/www.kilian.legal\/en\/wp-json\/wp\/v2\/pages\/570\/revisions\/825"}],"wp:featuredmedia":[{"embeddable":true,"href":"https:\/\/www.kilian.legal\/en\/wp-json\/wp\/v2\/media\/481"}],"wp:attachment":[{"href":"https:\/\/www.kilian.legal\/en\/wp-json\/wp\/v2\/media?parent=570"}],"curies":[{"name":"wp","href":"https:\/\/api.w.org\/{rel}","templated":true}]}}