{"id":572,"date":"2023-12-13T13:27:59","date_gmt":"2023-12-13T12:27:59","guid":{"rendered":"https:\/\/www.kilian.legal\/mgr-robert-duriska\/"},"modified":"2024-12-04T15:46:59","modified_gmt":"2024-12-04T14:46:59","slug":"mgr-robert-duriska","status":"publish","type":"page","link":"https:\/\/www.kilian.legal\/en\/mgr-robert-duriska\/","title":{"rendered":"JUDr. R\u00f3bert \u010euri\u0161ka"},"content":{"rendered":"<div id=\"pl-gb572-69fb95c711bab\"  class=\"panel-layout\" ><div id=\"pg-gb572-69fb95c711bab-0\"  class=\"panel-grid panel-no-style\" ><div id=\"pgc-gb572-69fb95c711bab-0-0\"  class=\"panel-grid-cell panel-grid-cell-mobile-last\" ><div id=\"panel-gb572-69fb95c711bab-0-0-0\" class=\"so-panel widget widget_sow-editor panel-first-child panel-last-child\" data-index=\"0\" ><div\n\t\t\t\n\t\t\tclass=\"so-widget-sow-editor so-widget-sow-editor-base\"\n\t\t\t\n\t\t>\n<div class=\"siteorigin-widget-tinymce textwidget\">\n\t<h4>Throughout his career, R\u00f3bert has gained experience in reputable law firms, where he provided advice in various areas of law even during his studies.<\/h4>\n<\/div>\n<\/div><\/div><\/div><div id=\"pgc-gb572-69fb95c711bab-0-1\"  class=\"panel-grid-cell panel-grid-cell-empty\" ><\/div><\/div><div id=\"pg-gb572-69fb95c711bab-1\"  class=\"panel-grid panel-no-style\" ><div id=\"pgc-gb572-69fb95c711bab-1-0\"  class=\"panel-grid-cell\" ><div id=\"panel-gb572-69fb95c711bab-1-0-0\" class=\"so-panel widget widget_sow-image panel-first-child panel-last-child\" data-index=\"1\" ><div\n\t\t\t\n\t\t\tclass=\"so-widget-sow-image so-widget-sow-image-default-8b5b6f678277-572\"\n\t\t\t\n\t\t>\n\n<div class=\"sow-image-container\">\n\t\t<img decoding=\"async\" src=\"https:\/\/www.kilian.legal\/wp-content\/uploads\/2024\/11\/Foto_RDu_241112-1.jpg\" width=\"4516\" height=\"6000\" srcset=\"https:\/\/www.kilian.legal\/wp-content\/uploads\/2024\/11\/Foto_RDu_241112-1.jpg 4516w, https:\/\/www.kilian.legal\/wp-content\/uploads\/2024\/11\/Foto_RDu_241112-1-226x300.jpg 226w, https:\/\/www.kilian.legal\/wp-content\/uploads\/2024\/11\/Foto_RDu_241112-1-771x1024.jpg 771w, https:\/\/www.kilian.legal\/wp-content\/uploads\/2024\/11\/Foto_RDu_241112-1-768x1020.jpg 768w, https:\/\/www.kilian.legal\/wp-content\/uploads\/2024\/11\/Foto_RDu_241112-1-1156x1536.jpg 1156w, https:\/\/www.kilian.legal\/wp-content\/uploads\/2024\/11\/Foto_RDu_241112-1-1541x2048.jpg 1541w, https:\/\/www.kilian.legal\/wp-content\/uploads\/2024\/11\/Foto_RDu_241112-1-480x638.jpg 480w, https:\/\/www.kilian.legal\/wp-content\/uploads\/2024\/11\/Foto_RDu_241112-1-992x1318.jpg 992w, https:\/\/www.kilian.legal\/wp-content\/uploads\/2024\/11\/Foto_RDu_241112-1-1200x1594.jpg 1200w\" sizes=\"auto, (max-width: 4516px) 100vw, 4516px\" title=\"Foto_RDu_241112\" alt=\"\" loading=\"lazy\" \t\tclass=\"so-widget-image\"\/>\n\t<\/div>\n\n<\/div><\/div><\/div><div id=\"pgc-gb572-69fb95c711bab-1-1\"  class=\"panel-grid-cell\" ><div id=\"panel-gb572-69fb95c711bab-1-1-0\" class=\"so-panel widget widget_sow-editor panel-first-child panel-last-child\" data-index=\"2\" ><div\n\t\t\t\n\t\t\tclass=\"so-widget-sow-editor so-widget-sow-editor-base\"\n\t\t\t\n\t\t>\n<div class=\"siteorigin-widget-tinymce textwidget\">\n\t<p style=\"font-weight: 400;\">While studying at Comenius University, he worked with <em>HAVEL &amp; PARTNERS<\/em>, the largest Czech-Slovak law firm, where he established a strong foundation in advising entrepreneurs, real estate transactions, and the legal aspects of information technology and intellectual property.<\/p>\n<p style=\"font-weight: 400;\">R\u00f3bert provides legal advisory services across the entire range of the firm\u2019s core focus areas, particularly in corporate agenda (including dealings with the Central Securities Depository and Commercial Register), and advising on debt, equity, and quasi-equity transactions, as well as secondary transfers.<\/p>\n<p style=\"font-weight: 400;\">He also offers legal guidance for exits within target companies and helps set up investor relations. On a daily basis, he provides legal advice within designated areas and ensures the implementation of effective solutions.<\/p>\n<\/div>\n<\/div><\/div><\/div><\/div><\/div>","protected":false},"excerpt":{"rendered":"<p>Throughout his career, R\u00f3bert has gained experience in reputable law firms, where he provided advice in various areas of law even during his studies. While studying at Comenius University, he worked with HAVEL &amp; PARTNERS, the largest Czech-Slovak law firm, where he established a strong foundation in advising entrepreneurs, real estate transactions, and the legal [&hellip;]<\/p>\n","protected":false},"author":3,"featured_media":487,"parent":0,"menu_order":0,"comment_status":"closed","ping_status":"closed","template":"","meta":{"_acf_changed":false,"footnotes":""},"class_list":["post-572","page","type-page","status-publish","has-post-thumbnail","hentry"],"acf":[],"yoast_head":"<!-- This site is optimized with the Yoast SEO plugin v22.0 - https:\/\/yoast.com\/wordpress\/plugins\/seo\/ -->\n<title>JUDr. R\u00f3bert \u010euri\u0161ka - Kilian Legal<\/title>\n<meta name=\"robots\" content=\"index, follow, max-snippet:-1, max-image-preview:large, max-video-preview:-1\" \/>\n<link rel=\"canonical\" href=\"https:\/\/www.kilian.legal\/en\/mgr-robert-duriska\/\" \/>\n<meta property=\"og:locale\" content=\"en_US\" \/>\n<meta property=\"og:type\" content=\"article\" \/>\n<meta property=\"og:title\" content=\"JUDr. R\u00f3bert \u010euri\u0161ka - Kilian Legal\" \/>\n<meta property=\"og:description\" content=\"Throughout his career, R\u00f3bert has gained experience in reputable law firms, where he provided advice in various areas of law even during his studies. While studying at Comenius University, he worked with HAVEL &amp; PARTNERS, the largest Czech-Slovak law firm, where he established a strong foundation in advising entrepreneurs, real estate transactions, and the legal [&hellip;]\" \/>\n<meta property=\"og:url\" content=\"https:\/\/www.kilian.legal\/en\/mgr-robert-duriska\/\" \/>\n<meta property=\"og:site_name\" content=\"Kilian Legal\" \/>\n<meta property=\"article:modified_time\" content=\"2024-12-04T14:46:59+00:00\" \/>\n<meta property=\"og:image\" content=\"https:\/\/www.kilian.legal\/wp-content\/uploads\/2023\/12\/christoph-keil-7Equ1tUYmps-unsplash.jpg\" \/>\n\t<meta property=\"og:image:width\" content=\"2389\" \/>\n\t<meta property=\"og:image:height\" content=\"2048\" \/>\n\t<meta property=\"og:image:type\" content=\"image\/jpeg\" \/>\n<meta name=\"twitter:card\" content=\"summary_large_image\" \/>\n<meta name=\"twitter:label1\" content=\"Est. reading time\" \/>\n\t<meta name=\"twitter:data1\" content=\"2 minutes\" \/>\n<script type=\"application\/ld+json\" class=\"yoast-schema-graph\">{\"@context\":\"https:\/\/schema.org\",\"@graph\":[{\"@type\":\"WebPage\",\"@id\":\"https:\/\/www.kilian.legal\/en\/mgr-robert-duriska\/\",\"url\":\"https:\/\/www.kilian.legal\/en\/mgr-robert-duriska\/\",\"name\":\"JUDr. R\u00f3bert \u010euri\u0161ka - Kilian Legal\",\"isPartOf\":{\"@id\":\"https:\/\/www.kilian.legal\/en\/#website\"},\"datePublished\":\"2023-12-13T12:27:59+00:00\",\"dateModified\":\"2024-12-04T14:46:59+00:00\",\"breadcrumb\":{\"@id\":\"https:\/\/www.kilian.legal\/en\/mgr-robert-duriska\/#breadcrumb\"},\"inLanguage\":\"en-US\",\"potentialAction\":[{\"@type\":\"ReadAction\",\"target\":[\"https:\/\/www.kilian.legal\/en\/mgr-robert-duriska\/\"]}]},{\"@type\":\"BreadcrumbList\",\"@id\":\"https:\/\/www.kilian.legal\/en\/mgr-robert-duriska\/#breadcrumb\",\"itemListElement\":[{\"@type\":\"ListItem\",\"position\":1,\"name\":\"Domovsk\u00e1 str\u00e1nka\",\"item\":\"https:\/\/www.kilian.legal\/en\/\"},{\"@type\":\"ListItem\",\"position\":2,\"name\":\"JUDr. R\u00f3bert \u010euri\u0161ka\"}]},{\"@type\":\"WebSite\",\"@id\":\"https:\/\/www.kilian.legal\/en\/#website\",\"url\":\"https:\/\/www.kilian.legal\/en\/\",\"name\":\"Kilian Legal\",\"description\":\"\",\"potentialAction\":[{\"@type\":\"SearchAction\",\"target\":{\"@type\":\"EntryPoint\",\"urlTemplate\":\"https:\/\/www.kilian.legal\/en\/?s={search_term_string}\"},\"query-input\":\"required name=search_term_string\"}],\"inLanguage\":\"en-US\"}]}<\/script>\n<!-- \/ Yoast SEO plugin. -->","yoast_head_json":{"title":"JUDr. R\u00f3bert \u010euri\u0161ka - Kilian Legal","robots":{"index":"index","follow":"follow","max-snippet":"max-snippet:-1","max-image-preview":"max-image-preview:large","max-video-preview":"max-video-preview:-1"},"canonical":"https:\/\/www.kilian.legal\/en\/mgr-robert-duriska\/","og_locale":"en_US","og_type":"article","og_title":"JUDr. R\u00f3bert \u010euri\u0161ka - Kilian Legal","og_description":"Throughout his career, R\u00f3bert has gained experience in reputable law firms, where he provided advice in various areas of law even during his studies. While studying at Comenius University, he worked with HAVEL &amp; PARTNERS, the largest Czech-Slovak law firm, where he established a strong foundation in advising entrepreneurs, real estate transactions, and the legal [&hellip;]","og_url":"https:\/\/www.kilian.legal\/en\/mgr-robert-duriska\/","og_site_name":"Kilian Legal","article_modified_time":"2024-12-04T14:46:59+00:00","og_image":[{"width":2389,"height":2048,"url":"https:\/\/www.kilian.legal\/wp-content\/uploads\/2023\/12\/christoph-keil-7Equ1tUYmps-unsplash.jpg","type":"image\/jpeg"}],"twitter_card":"summary_large_image","twitter_misc":{"Est. reading time":"2 minutes"},"schema":{"@context":"https:\/\/schema.org","@graph":[{"@type":"WebPage","@id":"https:\/\/www.kilian.legal\/en\/mgr-robert-duriska\/","url":"https:\/\/www.kilian.legal\/en\/mgr-robert-duriska\/","name":"JUDr. R\u00f3bert \u010euri\u0161ka - Kilian Legal","isPartOf":{"@id":"https:\/\/www.kilian.legal\/en\/#website"},"datePublished":"2023-12-13T12:27:59+00:00","dateModified":"2024-12-04T14:46:59+00:00","breadcrumb":{"@id":"https:\/\/www.kilian.legal\/en\/mgr-robert-duriska\/#breadcrumb"},"inLanguage":"en-US","potentialAction":[{"@type":"ReadAction","target":["https:\/\/www.kilian.legal\/en\/mgr-robert-duriska\/"]}]},{"@type":"BreadcrumbList","@id":"https:\/\/www.kilian.legal\/en\/mgr-robert-duriska\/#breadcrumb","itemListElement":[{"@type":"ListItem","position":1,"name":"Domovsk\u00e1 str\u00e1nka","item":"https:\/\/www.kilian.legal\/en\/"},{"@type":"ListItem","position":2,"name":"JUDr. R\u00f3bert \u010euri\u0161ka"}]},{"@type":"WebSite","@id":"https:\/\/www.kilian.legal\/en\/#website","url":"https:\/\/www.kilian.legal\/en\/","name":"Kilian Legal","description":"","potentialAction":[{"@type":"SearchAction","target":{"@type":"EntryPoint","urlTemplate":"https:\/\/www.kilian.legal\/en\/?s={search_term_string}"},"query-input":"required name=search_term_string"}],"inLanguage":"en-US"}]}},"_links":{"self":[{"href":"https:\/\/www.kilian.legal\/en\/wp-json\/wp\/v2\/pages\/572","targetHints":{"allow":["GET"]}}],"collection":[{"href":"https:\/\/www.kilian.legal\/en\/wp-json\/wp\/v2\/pages"}],"about":[{"href":"https:\/\/www.kilian.legal\/en\/wp-json\/wp\/v2\/types\/page"}],"author":[{"embeddable":true,"href":"https:\/\/www.kilian.legal\/en\/wp-json\/wp\/v2\/users\/3"}],"replies":[{"embeddable":true,"href":"https:\/\/www.kilian.legal\/en\/wp-json\/wp\/v2\/comments?post=572"}],"version-history":[{"count":5,"href":"https:\/\/www.kilian.legal\/en\/wp-json\/wp\/v2\/pages\/572\/revisions"}],"predecessor-version":[{"id":826,"href":"https:\/\/www.kilian.legal\/en\/wp-json\/wp\/v2\/pages\/572\/revisions\/826"}],"wp:featuredmedia":[{"embeddable":true,"href":"https:\/\/www.kilian.legal\/en\/wp-json\/wp\/v2\/media\/487"}],"wp:attachment":[{"href":"https:\/\/www.kilian.legal\/en\/wp-json\/wp\/v2\/media?parent=572"}],"curies":[{"name":"wp","href":"https:\/\/api.w.org\/{rel}","templated":true}]}}